{"id":21,"date":"2016-08-20T16:35:40","date_gmt":"2016-08-20T16:35:40","guid":{"rendered":"http:\/\/rhein-marina.de\/?page_id=21"},"modified":"2025-10-26T17:37:27","modified_gmt":"2025-10-26T15:37:27","slug":"preise","status":"publish","type":"page","link":"https:\/\/rhein-marina.de\/?page_id=21","title":{"rendered":"Preis &#038; Liegeplatz Anfrage f\u00fcr Ihren Aufenthalt"},"content":{"rendered":"\n<p><strong><em>Preisliste Stand 2023, Preise k\u00f6nnen leicht abweichen.<\/em><\/strong><\/p>\n\n\n\n<p>Neue Preisliste steht Ihnen zur n\u00e4chsten Saison zur Verf\u00fcgung.<\/p>\n\n\n\n<div class=\"wp-block-contact-form-7-contact-form-selector\">\n<div class=\"wpcf7 no-js\" id=\"wpcf7-f271-o1\" lang=\"de-DE\" dir=\"ltr\" data-wpcf7-id=\"271\">\n<div class=\"screen-reader-response\"><p role=\"status\" aria-live=\"polite\" aria-atomic=\"true\"><\/p> <ul><\/ul><\/div>\n<form action=\"\/index.php?rest_route=%2Fwp%2Fv2%2Fpages%2F21#wpcf7-f271-o1\" method=\"post\" class=\"wpcf7-form init cf7skins cf7t-event cf7s-seaspray\" aria-label=\"Kontaktformular\" novalidate=\"novalidate\" data-status=\"init\">\n<fieldset class=\"hidden-fields-container\"><input type=\"hidden\" name=\"_wpcf7\" value=\"271\" \/><input type=\"hidden\" name=\"_wpcf7_version\" value=\"6.1.4\" \/><input type=\"hidden\" name=\"_wpcf7_locale\" value=\"de_DE\" \/><input type=\"hidden\" name=\"_wpcf7_unit_tag\" value=\"wpcf7-f271-o1\" \/><input type=\"hidden\" name=\"_wpcf7_container_post\" value=\"0\" \/><input type=\"hidden\" name=\"_wpcf7_posted_data_hash\" value=\"\" \/><input type=\"hidden\" name=\"_wpcf7cf_hidden_group_fields\" value=\"[]\" \/><input type=\"hidden\" name=\"_wpcf7cf_hidden_groups\" value=\"[]\" \/><input type=\"hidden\" name=\"_wpcf7cf_visible_groups\" value=\"[]\" \/><input type=\"hidden\" name=\"_wpcf7cf_repeaters\" value=\"[]\" \/><input type=\"hidden\" name=\"_wpcf7cf_steps\" value=\"{}\" \/><input type=\"hidden\" name=\"_wpcf7cf_options\" value=\"{&quot;form_id&quot;:271,&quot;conditions&quot;:[{&quot;then_field&quot;:&quot;group-5&quot;,&quot;and_rules&quot;:[{&quot;if_field&quot;:&quot;cf7s-select1&quot;,&quot;operator&quot;:&quot;equals&quot;,&quot;if_value&quot;:&quot;5 Meter&quot;},{&quot;if_field&quot;:&quot;cf7s-checkbox1&quot;,&quot;operator&quot;:&quot;equals&quot;,&quot;if_value&quot;:&quot;Gastlieger&quot;}]},{&quot;then_field&quot;:&quot;group-6&quot;,&quot;and_rules&quot;:[{&quot;if_field&quot;:&quot;cf7s-select1&quot;,&quot;operator&quot;:&quot;equals&quot;,&quot;if_value&quot;:&quot;6 Meter&quot;},{&quot;if_field&quot;:&quot;cf7s-checkbox1&quot;,&quot;operator&quot;:&quot;equals&quot;,&quot;if_value&quot;:&quot;Gastlieger&quot;}]},{&quot;then_field&quot;:&quot;group-7&quot;,&quot;and_rules&quot;:[{&quot;if_field&quot;:&quot;cf7s-select1&quot;,&quot;operator&quot;:&quot;equals&quot;,&quot;if_value&quot;:&quot;7 Meter&quot;},{&quot;if_field&quot;:&quot;cf7s-checkbox1&quot;,&quot;operator&quot;:&quot;equals&quot;,&quot;if_value&quot;:&quot;Gastlieger&quot;}]},{&quot;then_field&quot;:&quot;group-8&quot;,&quot;and_rules&quot;:[{&quot;if_field&quot;:&quot;cf7s-select1&quot;,&quot;operator&quot;:&quot;equals&quot;,&quot;if_value&quot;:&quot;8 Meter&quot;},{&quot;if_field&quot;:&quot;cf7s-checkbox1&quot;,&quot;operator&quot;:&quot;equals&quot;,&quot;if_value&quot;:&quot;Gastlieger&quot;}]},{&quot;then_field&quot;:&quot;group-9&quot;,&quot;and_rules&quot;:[{&quot;if_field&quot;:&quot;cf7s-select1&quot;,&quot;operator&quot;:&quot;equals&quot;,&quot;if_value&quot;:&quot;9 meter&quot;},{&quot;if_field&quot;:&quot;cf7s-checkbox1&quot;,&quot;operator&quot;:&quot;equals&quot;,&quot;if_value&quot;:&quot;Gastlieger&quot;}]},{&quot;then_field&quot;:&quot;group-1&quot;,&quot;and_rules&quot;:[{&quot;if_field&quot;:&quot;cf7s-checkbox1&quot;,&quot;operator&quot;:&quot;equals&quot;,&quot;if_value&quot;:&quot;Festlieger&quot;}]},{&quot;then_field&quot;:&quot;group-2&quot;,&quot;and_rules&quot;:[{&quot;if_field&quot;:&quot;cf7s-checkbox1&quot;,&quot;operator&quot;:&quot;equals&quot;,&quot;if_value&quot;:&quot;Gastlieger&quot;}]},{&quot;then_field&quot;:&quot;group-10&quot;,&quot;and_rules&quot;:[{&quot;if_field&quot;:&quot;cf7s-select1&quot;,&quot;operator&quot;:&quot;equals&quot;,&quot;if_value&quot;:&quot;10 Meter&quot;},{&quot;if_field&quot;:&quot;cf7s-checkbox1&quot;,&quot;operator&quot;:&quot;equals&quot;,&quot;if_value&quot;:&quot;Gastlieger&quot;}]},{&quot;then_field&quot;:&quot;group-11&quot;,&quot;and_rules&quot;:[{&quot;if_field&quot;:&quot;cf7s-select1&quot;,&quot;operator&quot;:&quot;equals&quot;,&quot;if_value&quot;:&quot;11 Meter&quot;},{&quot;if_field&quot;:&quot;cf7s-checkbox1&quot;,&quot;operator&quot;:&quot;equals&quot;,&quot;if_value&quot;:&quot;Gastlieger&quot;}]},{&quot;then_field&quot;:&quot;group-12&quot;,&quot;and_rules&quot;:[{&quot;if_field&quot;:&quot;cf7s-select1&quot;,&quot;operator&quot;:&quot;equals&quot;,&quot;if_value&quot;:&quot;12 Meter&quot;},{&quot;if_field&quot;:&quot;cf7s-checkbox1&quot;,&quot;operator&quot;:&quot;equals&quot;,&quot;if_value&quot;:&quot;Gastlieger&quot;}]},{&quot;then_field&quot;:&quot;group-13&quot;,&quot;and_rules&quot;:[{&quot;if_field&quot;:&quot;cf7s-select1&quot;,&quot;operator&quot;:&quot;equals&quot;,&quot;if_value&quot;:&quot;13 Meter&quot;},{&quot;if_field&quot;:&quot;cf7s-checkbox1&quot;,&quot;operator&quot;:&quot;equals&quot;,&quot;if_value&quot;:&quot;Gastlieger&quot;}]},{&quot;then_field&quot;:&quot;group-14&quot;,&quot;and_rules&quot;:[{&quot;if_field&quot;:&quot;cf7s-select1&quot;,&quot;operator&quot;:&quot;equals&quot;,&quot;if_value&quot;:&quot;14 Meter&quot;},{&quot;if_field&quot;:&quot;cf7s-checkbox1&quot;,&quot;operator&quot;:&quot;equals&quot;,&quot;if_value&quot;:&quot;Gastlieger&quot;}]},{&quot;then_field&quot;:&quot;group-15&quot;,&quot;and_rules&quot;:[{&quot;if_field&quot;:&quot;cf7s-select1&quot;,&quot;operator&quot;:&quot;equals&quot;,&quot;if_value&quot;:&quot;15 Meter&quot;},{&quot;if_field&quot;:&quot;cf7s-checkbox1&quot;,&quot;operator&quot;:&quot;equals&quot;,&quot;if_value&quot;:&quot;Gastlieger&quot;}]},{&quot;then_field&quot;:&quot;group-16&quot;,&quot;and_rules&quot;:[{&quot;if_field&quot;:&quot;cf7s-select1&quot;,&quot;operator&quot;:&quot;equals&quot;,&quot;if_value&quot;:&quot;16 Meter&quot;},{&quot;if_field&quot;:&quot;cf7s-checkbox1&quot;,&quot;operator&quot;:&quot;equals&quot;,&quot;if_value&quot;:&quot;Gastlieger&quot;}]},{&quot;then_field&quot;:&quot;group-17&quot;,&quot;and_rules&quot;:[{&quot;if_field&quot;:&quot;cf7s-select1&quot;,&quot;operator&quot;:&quot;equals&quot;,&quot;if_value&quot;:&quot;17 Meter&quot;},{&quot;if_field&quot;:&quot;cf7s-checkbox1&quot;,&quot;operator&quot;:&quot;equals&quot;,&quot;if_value&quot;:&quot;Gastlieger&quot;}]},{&quot;then_field&quot;:&quot;group-18&quot;,&quot;and_rules&quot;:[{&quot;if_field&quot;:&quot;cf7s-select1&quot;,&quot;operator&quot;:&quot;equals&quot;,&quot;if_value&quot;:&quot;18 Meter&quot;},{&quot;if_field&quot;:&quot;cf7s-checkbox1&quot;,&quot;operator&quot;:&quot;equals&quot;,&quot;if_value&quot;:&quot;Gastlieger&quot;}]},{&quot;then_field&quot;:&quot;group-19&quot;,&quot;and_rules&quot;:[{&quot;if_field&quot;:&quot;cf7s-select1&quot;,&quot;operator&quot;:&quot;equals&quot;,&quot;if_value&quot;:&quot;19 Meter&quot;},{&quot;if_field&quot;:&quot;cf7s-checkbox1&quot;,&quot;operator&quot;:&quot;equals&quot;,&quot;if_value&quot;:&quot;Gastlieger&quot;}]},{&quot;then_field&quot;:&quot;group-20&quot;,&quot;and_rules&quot;:[{&quot;if_field&quot;:&quot;cf7s-select1&quot;,&quot;operator&quot;:&quot;equals&quot;,&quot;if_value&quot;:&quot;20 Meter&quot;},{&quot;if_field&quot;:&quot;cf7s-checkbox1&quot;,&quot;operator&quot;:&quot;equals&quot;,&quot;if_value&quot;:&quot;Gastlieger&quot;}]}],&quot;settings&quot;:{&quot;animation&quot;:&quot;yes&quot;,&quot;animation_intime&quot;:200,&quot;animation_outtime&quot;:200,&quot;conditions_ui&quot;:&quot;normal&quot;,&quot;notice_dismissed&quot;:false}}\" \/>\n<\/fieldset>\n<fieldset>\n\t<legend>Liegeplatz<\/legend>\n\t<ol>\n\t\t<li><label for=''> Name <em class=\"cf7s-reqd\">*<\/em> <\/label><span class=\"wpcf7-form-control-wrap\" data-name=\"cf7s-name\"><input size=\"40\" maxlength=\"400\" class=\"wpcf7-form-control wpcf7-text wpcf7-validates-as-required\" aria-required=\"true\" aria-invalid=\"false\" value=\"\" type=\"text\" name=\"cf7s-name\" \/><\/span> <\/li>\n\t\t<li><label for=''> E-Mail <em class=\"cf7s-reqd\">*<\/em> <\/label><span class=\"wpcf7-form-control-wrap\" data-name=\"cf7s-email\"><input size=\"40\" maxlength=\"400\" class=\"wpcf7-form-control wpcf7-email wpcf7-validates-as-required wpcf7-text wpcf7-validates-as-email\" aria-required=\"true\" aria-invalid=\"false\" value=\"\" type=\"email\" name=\"cf7s-email\" \/><\/span> <\/li>\n                <li><label for=''> Wie gro\u00df ist dein Boot? <em class=\"cf7s-reqd\">*<\/em> <\/label><span class=\"wpcf7-form-control-wrap\" data-name=\"cf7s-select1\"><select class=\"wpcf7-form-control wpcf7-select wpcf7-validates-as-required\" aria-required=\"true\" aria-invalid=\"false\" name=\"cf7s-select1\"><option value=\"5 Meter\">5 Meter<\/option><option value=\"6 Meter\">6 Meter<\/option><option value=\"7 Meter\">7 Meter<\/option><option value=\"8 Meter\">8 Meter<\/option><option value=\"8 Meter\">8 Meter<\/option><option value=\"9 Meter\">9 Meter<\/option><option value=\"10 Meter\">10 Meter<\/option><option value=\"11 Meter\">11 Meter<\/option><option value=\"12 Meter\">12 Meter<\/option><option value=\"13 Meter\">13 Meter<\/option><option value=\"14 Meter\">14 Meter<\/option><option value=\"15 Meter\">15 Meter<\/option><option value=\"16 Meter\">16 Meter<\/option><option value=\"17 Meter\">17 Meter<\/option><option value=\"18 Meter\">18 Meter<\/option><option value=\"19 Meter\">19 Meter<\/option><option value=\"20 Meter\">20 Meter<\/option><\/select><\/span> <\/li>\n<div data-id=\"group-5\" data-orig_data_id=\"group-5\"  class=\"\" data-class=\"wpcf7cf_group\"> Tag 8,50\u20ac \/ Woche 51,00\u20ac \/ Monat 195,00\u20ac <\/div>\n<div data-id=\"group-6\" data-orig_data_id=\"group-6\"  class=\"\" data-class=\"wpcf7cf_group\"> Tag 10,20\u20ac \/ Woche 61,20\u20ac \/ Monat 235,00\u20ac <\/div>\n<div data-id=\"group-7\" data-orig_data_id=\"group-7\"  class=\"\" data-class=\"wpcf7cf_group\"> Tag 11,90\u20ac \/ Woche 71,40\u20ac \/ Monat 275,00\u20ac <\/div>\n<div data-id=\"group-8\" data-orig_data_id=\"group-8\"  class=\"\" data-class=\"wpcf7cf_group\"> Tag 13,60\u20ac \/ Woche 81,60\u20ac \/ Monat 315,00\u20ac <\/div>\n<div data-id=\"group-9\" data-orig_data_id=\"group-9\"  class=\"\" data-class=\"wpcf7cf_group\"> Tag 15,30\u20ac \/ Woche 91,80\u20ac \/ Monat 355,00\u20ac <\/div>\n<div data-id=\"group-10\" data-orig_data_id=\"group-10\"  class=\"\" data-class=\"wpcf7cf_group\"> Tag 17,00\u20ac \/ Woche 102,00\u20ac \/ Monat 395,00\u20ac <\/div>\n<div data-id=\"group-11\" data-orig_data_id=\"group-11\"  class=\"\" data-class=\"wpcf7cf_group\"> Tag 18,70\u20ac \/ Woche 112,20\u20ac \/ Monat 435,00\u20ac <\/div>\n<div data-id=\"group-12\" data-orig_data_id=\"group-12\"  class=\"\" data-class=\"wpcf7cf_group\"> Tag 20,40\u20ac \/ Woche 122,40\u20ac \/ Monat 475,00\u20ac <\/div>\n<div data-id=\"group-13\" data-orig_data_id=\"group-13\"  class=\"\" data-class=\"wpcf7cf_group\"> Tag 22,10\u20ac \/ Woche 132,60\u20ac \/ Monat 515,00\u20ac <\/div>\n<div data-id=\"group-14\" data-orig_data_id=\"group-14\"  class=\"\" data-class=\"wpcf7cf_group\"> Tag 23,80\u20ac \/ Woche 142,80\u20ac \/ Monat 545,00\u20ac <\/div>\n<div data-id=\"group-15\" data-orig_data_id=\"group-15\"  class=\"\" data-class=\"wpcf7cf_group\"> Tag 25,50\u20ac \/ Woche 153,00\u20ac \/ Monat 585,00\u20ac <\/div>\n<div data-id=\"group-16\" data-orig_data_id=\"group-16\"  class=\"\" data-class=\"wpcf7cf_group\"> Tag 27,20\u20ac \/ Woche 163,20\u20ac \/ Monat 625,00\u20ac <\/div>\n<div data-id=\"group-17\" data-orig_data_id=\"group-17\"  class=\"\" data-class=\"wpcf7cf_group\"> Tag 28,90\u20ac \/ Woche 173,40\u20ac \/ Monat 665,00\u20ac <\/div>\n<div data-id=\"group-18\" data-orig_data_id=\"group-18\"  class=\"\" data-class=\"wpcf7cf_group\"> Tag 30,60\u20ac \/ Woche 183,60\u20ac \/ Monat 705,00\u20ac <\/div>\n<div data-id=\"group-19\" data-orig_data_id=\"group-19\"  class=\"\" data-class=\"wpcf7cf_group\"> Tag 32,30\u20ac \/ Woche 193,80\u20ac \/ Monat 745,00\u20ac <\/div>\n<div data-id=\"group-20\" data-orig_data_id=\"group-20\"  class=\"\" data-class=\"wpcf7cf_group\"> Tag 34,00\u20ac \/ Woche 204,00\u20ac \/ Monat 785,00\u20ac <\/div>\n\n\t\t<li><label for='cf7s-checkbox1'> Welches Interesse besteht? <em class=\"cf7s-reqd\">*<\/em> <\/label><span class=\"wpcf7-form-control-wrap\" data-name=\"cf7s-checkbox1\"><span class=\"wpcf7-form-control wpcf7-checkbox wpcf7-validates-as-required\"><span class=\"wpcf7-list-item first\"><input type=\"checkbox\" name=\"cf7s-checkbox1[]\" value=\"Festlieger\" \/><span class=\"wpcf7-list-item-label\">Festlieger<\/span><\/span><span class=\"wpcf7-list-item last\"><input type=\"checkbox\" name=\"cf7s-checkbox1[]\" value=\"Gastlieger\" \/><span class=\"wpcf7-list-item-label\">Gastlieger<\/span><\/span><\/span><\/span> <\/li>\n\n<div data-id=\"group-2\" data-orig_data_id=\"group-2\"  class=\"\" data-class=\"wpcf7cf_group\"> <b> <label> Von <\/label> <\/b> <span class=\"wpcf7-form-control-wrap\" data-name=\"date-890\"><input class=\"wpcf7-form-control wpcf7-date wpcf7-validates-as-date\" aria-invalid=\"false\" value=\"\" type=\"date\" name=\"date-890\" \/><\/span>\n<b> <label> bis <\/label> <\/b>\n<span class=\"wpcf7-form-control-wrap\" data-name=\"date-591\"><input class=\"wpcf7-form-control wpcf7-date wpcf7-validates-as-date\" aria-invalid=\"false\" value=\"\" type=\"date\" name=\"date-591\" \/><\/span><\/div>\n<div data-id=\"group-1\" data-orig_data_id=\"group-1\"  class=\"\" data-class=\"wpcf7cf_group\">\t\t<li><label for='cf7s-checkbox1'> In welcher Saison? <em class=\"cf7s-reqd\">*<\/em> <\/label><span class=\"wpcf7-form-control-wrap\" data-name=\"cf7s-checkbox1\"><span class=\"wpcf7-form-control wpcf7-checkbox wpcf7-validates-as-required\"><span class=\"wpcf7-list-item first\"><input type=\"checkbox\" name=\"cf7s-checkbox1[]\" value=\"Sommer 01.04 - 31.10\" \/><span class=\"wpcf7-list-item-label\">Sommer 01.04 - 31.10<\/span><\/span><span class=\"wpcf7-list-item\"><input type=\"checkbox\" name=\"cf7s-checkbox1[]\" value=\"Winter 01.11 - 31.03\" \/><span class=\"wpcf7-list-item-label\">Winter 01.11 - 31.03<\/span><\/span><span class=\"wpcf7-list-item last\"><input type=\"checkbox\" name=\"cf7s-checkbox1[]\" value=\"Ganzj\u00e4hrig 01.04 - 31.03\" \/><span class=\"wpcf7-list-item-label\">Ganzj\u00e4hrig 01.04 - 31.03<\/span><\/span><\/span><\/span> <\/li>\n<\/div>\n\t\t<li><label for=''> Kommentare oder Fragen <em class=\"cf7s-reqd\">*<\/em> <\/label><span class=\"wpcf7-form-control-wrap\" data-name=\"cf7s-comments\"><textarea cols=\"40\" rows=\"10\" maxlength=\"2000\" class=\"wpcf7-form-control wpcf7-textarea wpcf7-validates-as-required\" aria-required=\"true\" aria-invalid=\"false\" name=\"cf7s-comments\"><\/textarea><\/span> <\/li>\n\t<\/ol>\n\t<input class=\"wpcf7-form-control wpcf7-submit has-spinner\" type=\"submit\" value=\"Senden\" \/>\n\t<p>* Erforderlich<\/p>\n<\/fieldset><div class=\"wpcf7-response-output\" aria-hidden=\"true\"><\/div>\n<\/form>\n<\/div>\n<\/div>\n\n\n\n<div class=\"wp-block-group\"><div class=\"wp-block-group__inner-container is-layout-constrained wp-block-group-is-layout-constrained\">\n<div class=\"wp-block-columns is-layout-flex wp-container-core-columns-is-layout-9d6595d7 wp-block-columns-is-layout-flex\">\n<div class=\"wp-block-column is-layout-flow wp-block-column-is-layout-flow\" style=\"flex-basis:100%\"><\/div>\n<\/div>\n\n\n\n<p><strong>Strom wird nach Verbrauch gesondert berechnet, alles Preise sind inkl. 19% MWST und WSA Geb\u00fchren<\/strong><\/p>\n<\/div><\/div>\n","protected":false},"excerpt":{"rendered":"<p>Preisliste Stand 2023, Preise k\u00f6nnen leicht abweichen. Neue Preisliste steht Ihnen zur n\u00e4chsten Saison zur Verf\u00fcgung. Strom wird nach Verbrauch gesondert berechnet, alles Preise sind inkl. 19% MWST und WSA Geb\u00fchren<\/p>\n","protected":false},"author":1,"featured_media":0,"parent":0,"menu_order":0,"comment_status":"closed","ping_status":"closed","template":"","meta":{"_acf_changed":false,"om_disable_all_campaigns":false,"_monsterinsights_skip_tracking":false,"_monsterinsights_sitenote_active":false,"_monsterinsights_sitenote_note":"","_monsterinsights_sitenote_category":0,"footnotes":""},"class_list":["post-21","page","type-page","status-publish","hentry"],"acf":[],"aioseo_notices":[],"_links":{"self":[{"href":"https:\/\/rhein-marina.de\/index.php?rest_route=\/wp\/v2\/pages\/21","targetHints":{"allow":["GET"]}}],"collection":[{"href":"https:\/\/rhein-marina.de\/index.php?rest_route=\/wp\/v2\/pages"}],"about":[{"href":"https:\/\/rhein-marina.de\/index.php?rest_route=\/wp\/v2\/types\/page"}],"author":[{"embeddable":true,"href":"https:\/\/rhein-marina.de\/index.php?rest_route=\/wp\/v2\/users\/1"}],"replies":[{"embeddable":true,"href":"https:\/\/rhein-marina.de\/index.php?rest_route=%2Fwp%2Fv2%2Fcomments&post=21"}],"version-history":[{"count":0,"href":"https:\/\/rhein-marina.de\/index.php?rest_route=\/wp\/v2\/pages\/21\/revisions"}],"wp:attachment":[{"href":"https:\/\/rhein-marina.de\/index.php?rest_route=%2Fwp%2Fv2%2Fmedia&parent=21"}],"curies":[{"name":"wp","href":"https:\/\/api.w.org\/{rel}","templated":true}]}}