{"id":175,"date":"2025-09-10T02:50:47","date_gmt":"2025-09-10T00:50:47","guid":{"rendered":"http:\/\/rhein-marina.de\/?page_id=175"},"modified":"2025-10-28T06:03:38","modified_gmt":"2025-10-28T04:03:38","slug":"erster-blick-auf-einen-moeglichen-liegeplatz","status":"publish","type":"page","link":"https:\/\/rhein-marina.de\/?page_id=175","title":{"rendered":"Liegeplatz"},"content":{"rendered":"\n<figure class=\"wp-block-image\"><img fetchpriority=\"high\" decoding=\"async\" width=\"1029\" height=\"539\" src=\"https:\/\/rhein-marina.de\/wp-content\/uploads\/2025\/09\/Rhein-Marina-Karte-Edit.jpg\" alt=\"\" class=\"wp-image-180\" srcset=\"https:\/\/rhein-marina.de\/wp-content\/uploads\/2025\/09\/Rhein-Marina-Karte-Edit.jpg 1029w, https:\/\/rhein-marina.de\/wp-content\/uploads\/2025\/09\/Rhein-Marina-Karte-Edit-300x157.jpg 300w, https:\/\/rhein-marina.de\/wp-content\/uploads\/2025\/09\/Rhein-Marina-Karte-Edit-1024x536.jpg 1024w, https:\/\/rhein-marina.de\/wp-content\/uploads\/2025\/09\/Rhein-Marina-Karte-Edit-768x402.jpg 768w\" sizes=\"(max-width: 709px) 85vw, (max-width: 909px) 67vw, (max-width: 1362px) 62vw, 840px\" \/><\/figure>\n\n\n\n<p><\/p>\n\n\n\n<p>Legende:<\/p>\n\n\n\n<div class=\"wp-block-media-text\" style=\"grid-template-columns:15% auto\"><figure class=\"wp-block-media-text__media\"><img decoding=\"async\" width=\"512\" height=\"512\" src=\"https:\/\/rhein-marina.de\/wp-content\/uploads\/2025\/09\/toilets.png\" alt=\"\" class=\"wp-image-186 size-full\" srcset=\"https:\/\/rhein-marina.de\/wp-content\/uploads\/2025\/09\/toilets.png 512w, https:\/\/rhein-marina.de\/wp-content\/uploads\/2025\/09\/toilets-300x300.png 300w, https:\/\/rhein-marina.de\/wp-content\/uploads\/2025\/09\/toilets-150x150.png 150w\" sizes=\"(max-width: 512px) 85vw, 512px\" \/><\/figure><div class=\"wp-block-media-text__content\">\n<p>Duschen &amp; WCs<\/p>\n<\/div><\/div>\n\n\n\n<div class=\"wp-block-media-text\" style=\"grid-template-columns:15% auto\"><figure class=\"wp-block-media-text__media\"><img decoding=\"async\" width=\"512\" height=\"512\" src=\"https:\/\/rhein-marina.de\/wp-content\/uploads\/2025\/09\/mail.png\" alt=\"\" class=\"wp-image-183 size-full\" srcset=\"https:\/\/rhein-marina.de\/wp-content\/uploads\/2025\/09\/mail.png 512w, https:\/\/rhein-marina.de\/wp-content\/uploads\/2025\/09\/mail-300x300.png 300w, https:\/\/rhein-marina.de\/wp-content\/uploads\/2025\/09\/mail-150x150.png 150w\" sizes=\"(max-width: 512px) 85vw, 512px\" \/><\/figure><div class=\"wp-block-media-text__content\">\n<p>Briefkasten vom Hafenmeister mit Umschl\u00e4gen f\u00fcr Hafengeb\u00fchr<\/p>\n<\/div><\/div>\n\n\n\n<div class=\"wp-block-media-text\" style=\"grid-template-columns:15% auto\"><figure class=\"wp-block-media-text__media\"><img loading=\"lazy\" decoding=\"async\" width=\"512\" height=\"512\" src=\"https:\/\/rhein-marina.de\/wp-content\/uploads\/2025\/09\/harbor1.png\" alt=\"\" class=\"wp-image-184 size-full\" srcset=\"https:\/\/rhein-marina.de\/wp-content\/uploads\/2025\/09\/harbor1.png 512w, https:\/\/rhein-marina.de\/wp-content\/uploads\/2025\/09\/harbor1-300x300.png 300w, https:\/\/rhein-marina.de\/wp-content\/uploads\/2025\/09\/harbor1-150x150.png 150w\" sizes=\"(max-width: 512px) 85vw, 512px\" \/><\/figure><div class=\"wp-block-media-text__content\">\n<p>Hafenmeister B\u00fcro<\/p>\n<\/div><\/div>\n\n\n\n<div class=\"wp-block-media-text\" style=\"grid-template-columns:15% auto\"><figure class=\"wp-block-media-text__media\"><img loading=\"lazy\" decoding=\"async\" width=\"512\" height=\"512\" src=\"https:\/\/rhein-marina.de\/wp-content\/uploads\/2025\/09\/fuse-box.png\" alt=\"\" class=\"wp-image-182 size-full\" srcset=\"https:\/\/rhein-marina.de\/wp-content\/uploads\/2025\/09\/fuse-box.png 512w, https:\/\/rhein-marina.de\/wp-content\/uploads\/2025\/09\/fuse-box-300x300.png 300w, https:\/\/rhein-marina.de\/wp-content\/uploads\/2025\/09\/fuse-box-150x150.png 150w\" sizes=\"(max-width: 512px) 85vw, 512px\" \/><\/figure><div class=\"wp-block-media-text__content\">\n<p>Stromk\u00e4sten<\/p>\n<\/div><\/div>\n","protected":false},"excerpt":{"rendered":"<p>Legende: Duschen &amp; WCs Briefkasten vom Hafenmeister mit Umschl\u00e4gen f\u00fcr Hafengeb\u00fchr Hafenmeister B\u00fcro Stromk\u00e4sten<\/p>\n","protected":false},"author":1,"featured_media":0,"parent":0,"menu_order":0,"comment_status":"closed","ping_status":"closed","template":"","meta":{"_acf_changed":false,"om_disable_all_campaigns":false,"_monsterinsights_skip_tracking":false,"_monsterinsights_sitenote_active":false,"_monsterinsights_sitenote_note":"","_monsterinsights_sitenote_category":0,"footnotes":""},"class_list":["post-175","page","type-page","status-publish","hentry"],"acf":[],"aioseo_notices":[],"_links":{"self":[{"href":"https:\/\/rhein-marina.de\/index.php?rest_route=\/wp\/v2\/pages\/175","targetHints":{"allow":["GET"]}}],"collection":[{"href":"https:\/\/rhein-marina.de\/index.php?rest_route=\/wp\/v2\/pages"}],"about":[{"href":"https:\/\/rhein-marina.de\/index.php?rest_route=\/wp\/v2\/types\/page"}],"author":[{"embeddable":true,"href":"https:\/\/rhein-marina.de\/index.php?rest_route=\/wp\/v2\/users\/1"}],"replies":[{"embeddable":true,"href":"https:\/\/rhein-marina.de\/index.php?rest_route=%2Fwp%2Fv2%2Fcomments&post=175"}],"version-history":[{"count":0,"href":"https:\/\/rhein-marina.de\/index.php?rest_route=\/wp\/v2\/pages\/175\/revisions"}],"wp:attachment":[{"href":"https:\/\/rhein-marina.de\/index.php?rest_route=%2Fwp%2Fv2%2Fmedia&parent=175"}],"curies":[{"name":"wp","href":"https:\/\/api.w.org\/{rel}","templated":true}]}}