{"id":13,"date":"2016-08-20T16:24:04","date_gmt":"2016-08-20T16:24:04","guid":{"rendered":"http:\/\/rhein-marina.de\/?page_id=13"},"modified":"2026-01-23T12:22:34","modified_gmt":"2026-01-23T10:22:34","slug":"lage","status":"publish","type":"page","link":"https:\/\/rhein-marina.de\/?page_id=13","title":{"rendered":"Standort"},"content":{"rendered":"\t\t<div data-elementor-type=\"wp-page\" data-elementor-id=\"13\" class=\"elementor elementor-13\">\n\t\t\t\t<div class=\"elementor-element elementor-element-5f72c69c e-flex e-con-boxed e-con e-parent\" data-id=\"5f72c69c\" data-element_type=\"container\">\n\t\t\t\t\t<div class=\"e-con-inner\">\n\t\t\t\t<div class=\"elementor-element elementor-element-442ca9a3 elementor-widget elementor-widget-text-editor\" data-id=\"442ca9a3\" data-element_type=\"widget\" data-widget_type=\"text-editor.default\">\n\t\t\t\t\t\t\t\t\t<div style=\"padding: 15px; font-family: Arial, sans-serif; line-height: 1.6;\"><p><strong><span style=\"color: #000000;\">Die Rhein-Marina Kaiser Wilhelm finden Sie am rechten Rheinufer in Koblenz am Rheinkilometer 591,4.<\/span><\/strong><\/p><p><strong><span style=\"color: #000000;\"><img decoding=\"async\" style=\"max-width: 100%; height: auto; display: block; margin: 10px 0;\" src=\"https:\/\/rhein-marina.de\/wp-content\/uploads\/2016\/08\/marinakarte_400880-300x300.png\" alt=\"marinakarte_400880\" \/><\/span><\/strong><\/p><p><strong><span style=\"color: #000000;\">Die Gegend rund um den Rhein bei km 591,4 ist schon seit langer Zeit der Mittelpunkt f\u00fcr Reisende und bietet Ihnen eine hervorragende Ausgangsbasis f\u00fcr die Erkundung des Welterbes Oberes Mittelrheintal oder Ausfl\u00fcge in die ebenfalls schiffbaren Rheinzufl\u00fcsse Mosel und Lahn.<\/span><\/strong><\/p><p><strong><span style=\"color: #000000;\">Unsere Marina liegt unterhalb der imposanten Festung Ehrenbreitstein im gleichnamigen Stadtteil von Koblenz. Innerhalb weniger hundert Meter finden Sie Einkaufsm\u00f6glichkeiten und verschiedene Restaurants. Mittels einer Personenf\u00e4hre oder \u00fcber die nahe Br\u00fccke haben Sie dar\u00fcber hinaus eine schnelle Anbindung an die Altstadt von Koblenz.<\/span><\/strong><\/p><div style=\"position: relative; width: 100%; padding-bottom: 75%; margin: 20px 0;\"><iframe style=\"border: 0; position: absolute; top: 0; left: 0; width: 100%; height: 100%;\" src=\"https:\/\/www.google.com\/maps\/embed?pb=!1m14!1m12!1m3!1d3119.4324286528717!2d7.6083647950138955!3d50.35523266020381!2m3!1f0!2f0!3f0!3m2!1i1024!2i768!4f13.1!5e1!3m2!1sde!2sde!4v1476896065353\" frameborder=\"0\" allowfullscreen=\"allowfullscreen\"><br \/>\n    <\/iframe><\/div><\/div>\t\t\t\t\t\t\t\t<\/div>\n\t\t\t\t\t<\/div>\n\t\t\t\t<\/div>\n\t\t\t\t<\/div>\n\t\t","protected":false},"excerpt":{"rendered":"<p>Die Rhein-Marina Kaiser Wilhelm finden Sie am rechten Rheinufer in Koblenz am Rheinkilometer 591,4. Die Gegend rund um den Rhein bei km 591,4 ist schon seit langer Zeit der Mittelpunkt f\u00fcr Reisende und bietet Ihnen eine hervorragende Ausgangsbasis f\u00fcr die Erkundung des Welterbes Oberes Mittelrheintal oder Ausfl\u00fcge in die ebenfalls schiffbaren Rheinzufl\u00fcsse Mosel und Lahn. &hellip; <a href=\"https:\/\/rhein-marina.de\/?page_id=13\" class=\"more-link\"><span class=\"screen-reader-text\">\u201eStandort\u201c <\/span>weiterlesen<\/a><\/p>\n","protected":false},"author":1,"featured_media":0,"parent":0,"menu_order":0,"comment_status":"closed","ping_status":"closed","template":"","meta":{"_acf_changed":false,"om_disable_all_campaigns":false,"_monsterinsights_skip_tracking":false,"_monsterinsights_sitenote_active":false,"_monsterinsights_sitenote_note":"","_monsterinsights_sitenote_category":0,"footnotes":""},"class_list":["post-13","page","type-page","status-publish","hentry"],"acf":[],"aioseo_notices":[],"_links":{"self":[{"href":"https:\/\/rhein-marina.de\/index.php?rest_route=\/wp\/v2\/pages\/13","targetHints":{"allow":["GET"]}}],"collection":[{"href":"https:\/\/rhein-marina.de\/index.php?rest_route=\/wp\/v2\/pages"}],"about":[{"href":"https:\/\/rhein-marina.de\/index.php?rest_route=\/wp\/v2\/types\/page"}],"author":[{"embeddable":true,"href":"https:\/\/rhein-marina.de\/index.php?rest_route=\/wp\/v2\/users\/1"}],"replies":[{"embeddable":true,"href":"https:\/\/rhein-marina.de\/index.php?rest_route=%2Fwp%2Fv2%2Fcomments&post=13"}],"version-history":[{"count":6,"href":"https:\/\/rhein-marina.de\/index.php?rest_route=\/wp\/v2\/pages\/13\/revisions"}],"predecessor-version":[{"id":386,"href":"https:\/\/rhein-marina.de\/index.php?rest_route=\/wp\/v2\/pages\/13\/revisions\/386"}],"wp:attachment":[{"href":"https:\/\/rhein-marina.de\/index.php?rest_route=%2Fwp%2Fv2%2Fmedia&parent=13"}],"curies":[{"name":"wp","href":"https:\/\/api.w.org\/{rel}","templated":true}]}}